{"id":908,"date":"2024-08-14T20:20:16","date_gmt":"2024-08-15T01:20:16","guid":{"rendered":"https:\/\/navarrobregonconsultores.net\/?page_id=908"},"modified":"2024-08-14T21:32:03","modified_gmt":"2024-08-15T02:32:03","slug":"contabilidad-2","status":"publish","type":"page","link":"https:\/\/navarrobregonconsultores.net\/index.php\/contabilidad-2\/","title":{"rendered":"Contabilidad"},"content":{"rendered":"<p>[et_pb_section fb_built=&#8221;1&#8243; disabled_on=&#8221;off|off|off&#8221; _builder_version=&#8221;4.23.4&#8243; _module_preset=&#8221;default&#8221; background_enable_color=&#8221;off&#8221; background_image=&#8221;https:\/\/navarrobregonconsultores.net\/wp-content\/uploads\/2024\/08\/cabecera-modulos-web-contabilidad-1-1024&#215;320.png&#8221; module_alignment=&#8221;center&#8221; min_height=&#8221;300px&#8221; custom_padding=&#8221;30px||30px||false|false&#8221; locked=&#8221;off&#8221; global_colors_info=&#8221;{}&#8221;][et_pb_row _builder_version=&#8221;4.23.4&#8243; _module_preset=&#8221;default&#8221; positioning=&#8221;absolute&#8221; position_origin_a=&#8221;center_center&#8221; global_colors_info=&#8221;{}&#8221;][et_pb_column type=&#8221;4_4&#8243; _builder_version=&#8221;4.23.4&#8243; _module_preset=&#8221;default&#8221; global_colors_info=&#8221;{}&#8221;][et_pb_text _builder_version=&#8221;4.23.4&#8243; _module_preset=&#8221;default&#8221; header_text_color=&#8221;#07546E&#8221; header_font_size=&#8221;42px&#8221; header_text_shadow_style=&#8221;preset3&#8243; header_text_shadow_blur_strength=&#8221;1.13em&#8221; header_text_shadow_color=&#8221;#FFFFFF&#8221; global_colors_info=&#8221;{}&#8221;]<\/p>\n<h1>Contabilidad<\/h1>\n<p>[\/et_pb_text][\/et_pb_column][\/et_pb_row][\/et_pb_section][et_pb_section fb_built=&#8221;1&#8243; _builder_version=&#8221;4.23.4&#8243; _module_preset=&#8221;default&#8221; custom_padding=&#8221;5px||5px||false|false&#8221; global_colors_info=&#8221;{}&#8221;][et_pb_row _builder_version=&#8221;4.23.4&#8243; _module_preset=&#8221;default&#8221; global_colors_info=&#8221;{}&#8221;][et_pb_column type=&#8221;4_4&#8243; _builder_version=&#8221;4.23.4&#8243; _module_preset=&#8221;default&#8221; global_colors_info=&#8221;{}&#8221;][et_pb_text _builder_version=&#8221;4.23.4&#8243; _module_preset=&#8221;default&#8221; global_colors_info=&#8221;{}&#8221;]<\/p>\n<h2 style=\"text-align: justify;\">Nuestros servicios<\/h2>\n<p style=\"text-align: justify;\">Nuestro equipo de profesionales contadores cuenta con la experiencia para prestar un servicio de asesor\u00eda financiera de calidad y confiable.<\/p>\n<p>[\/et_pb_text][\/et_pb_column][\/et_pb_row][\/et_pb_section][et_pb_section fb_built=&#8221;1&#8243; _builder_version=&#8221;4.23.4&#8243; _module_preset=&#8221;default&#8221; custom_padding=&#8221;5px||10px||false|false&#8221; global_colors_info=&#8221;{}&#8221;][et_pb_row column_structure=&#8221;1_2,1_2&#8243; _builder_version=&#8221;4.23.4&#8243; _module_preset=&#8221;default&#8221; custom_padding=&#8221;22px|||||&#8221; global_colors_info=&#8221;{}&#8221;][et_pb_column type=&#8221;1_2&#8243; _builder_version=&#8221;4.23.4&#8243; _module_preset=&#8221;default&#8221; global_colors_info=&#8221;{}&#8221;][et_pb_image src=&#8221;https:\/\/navarrobregonconsultores.net\/wp-content\/uploads\/2024\/08\/checking-workplace-table-counting-man-scaled.jpg&#8221; title_text=&#8221;Accountant calculating income and examining report&#8221; _builder_version=&#8221;4.23.4&#8243; _module_preset=&#8221;default&#8221; custom_padding=&#8221;70px||||false|false&#8221; border_radii=&#8221;on|15px|15px|15px|15px&#8221; global_colors_info=&#8221;{}&#8221;][\/et_pb_image][\/et_pb_column][et_pb_column type=&#8221;1_2&#8243; _builder_version=&#8221;4.23.4&#8243; _module_preset=&#8221;default&#8221; global_colors_info=&#8221;{}&#8221;][et_pb_text _builder_version=&#8221;4.23.4&#8243; _module_preset=&#8221;default&#8221; header_3_text_color=&#8221;#07546E&#8221; header_3_font_size=&#8221;47px&#8221; custom_margin=&#8221;||||false|false&#8221; custom_padding=&#8221;||||false|false&#8221; header_3_font_size_tablet=&#8221;47px&#8221; header_3_font_size_phone=&#8221;26px&#8221; header_3_font_size_last_edited=&#8221;on|phone&#8221; global_colors_info=&#8221;{}&#8221;]<\/p>\n<h3>Outsourcing Contable Para Pymes<\/h3>\n<p>[\/et_pb_text][et_pb_text _builder_version=&#8221;4.23.4&#8243; _module_preset=&#8221;default&#8221; global_colors_info=&#8221;{}&#8221;]<\/p>\n<p>En nuestro servicio desarrollaremos todas las actividades propias del departamento contable, desde el registro contable de los movimientos efectuados por tu Pyme en Bogot\u00e1, hasta la elaboraci\u00f3n de los estados financieros que se requieran.<\/p>\n<p>A continuaci\u00f3n te contamos nuestro alcance:<\/p>\n<ul>\n<li>Clasificaci\u00f3n, registro y an\u00e1lisis de operaciones<\/li>\n<li>Elaboraci\u00f3n de Estados Financieros<\/li>\n<li>Elaboraci\u00f3n de reportes a entidades de control<\/li>\n<li>Elaboraci\u00f3n de las declaraciones tributarias<\/li>\n<li>Elaboraci\u00f3n de los medios magn\u00e9ticos nacionales y distritales<\/li>\n<li>Conciliaci\u00f3n de m\u00f3dulos con contabilidad<\/li>\n<li>Conciliaciones bancarias<\/li>\n<li>Dem\u00e1s actividades inherentes al servicio<\/li>\n<\/ul>\n<p>[\/et_pb_text][\/et_pb_column][\/et_pb_row][\/et_pb_section][et_pb_section fb_built=&#8221;1&#8243; disabled_on=&#8221;off|off|off&#8221; _builder_version=&#8221;4.23.4&#8243; _module_preset=&#8221;default&#8221; background_color=&#8221;#051b30&#8243; background_enable_image=&#8221;off&#8221; custom_margin=&#8221;0px|0px|0px|0px|true|true&#8221; custom_padding=&#8221;10px||30px||false|false&#8221; bottom_divider_style=&#8221;curve2&#8243; bottom_divider_color=&#8221;#07546e&#8221; bottom_divider_height=&#8221;45px&#8221; box_shadow_style=&#8221;preset3&#8243; global_colors_info=&#8221;{}&#8221;][et_pb_row column_structure=&#8221;1_2,1_2&#8243; _builder_version=&#8221;4.23.4&#8243; _module_preset=&#8221;default&#8221; custom_padding=&#8221;22px|||||&#8221; global_colors_info=&#8221;{}&#8221;][et_pb_column type=&#8221;1_2&#8243; _builder_version=&#8221;4.23.4&#8243; _module_preset=&#8221;default&#8221; global_colors_info=&#8221;{}&#8221;][et_pb_text _builder_version=&#8221;4.23.4&#8243; _module_preset=&#8221;default&#8221; header_3_text_color=&#8221;#00a6d1&#8243; header_3_font_size=&#8221;47px&#8221; custom_margin=&#8221;||||false|false&#8221; custom_padding=&#8221;83px||5px||false|false&#8221; header_3_font_size_tablet=&#8221;47px&#8221; header_3_font_size_phone=&#8221;26px&#8221; header_3_font_size_last_edited=&#8221;on|phone&#8221; global_colors_info=&#8221;{}&#8221;]<\/p>\n<h3>Contabilidad Financiera<\/h3>\n<p>[\/et_pb_text][et_pb_text _builder_version=&#8221;4.23.4&#8243; _module_preset=&#8221;default&#8221; text_text_color=&#8221;#FFFFFF&#8221; custom_padding=&#8221;0px||5px||false|false&#8221; text_font_size_tablet=&#8221;&#8221; text_font_size_phone=&#8221;14px&#8221; text_font_size_last_edited=&#8221;on|phone&#8221; global_colors_info=&#8221;{}&#8221;]<\/p>\n<p style=\"text-align: justify;\">Efectuamos la revisi\u00f3n y control de la contabilidad local basados en la informaci\u00f3n suministrada por el cliente, referente a las facturas, soportes contables y reportes internos:<\/p>\n<p>[\/et_pb_text][\/et_pb_column][et_pb_column type=&#8221;1_2&#8243; _builder_version=&#8221;4.23.4&#8243; _module_preset=&#8221;default&#8221; global_colors_info=&#8221;{}&#8221;][et_pb_image src=&#8221;https:\/\/navarrobregonconsultores.net\/wp-content\/uploads\/2024\/08\/2148499424-min-1024&#215;683.jpg&#8221; title_text=&#8221;2148499424-min&#8221; _builder_version=&#8221;4.23.4&#8243; _module_preset=&#8221;default&#8221; custom_padding=&#8221;0px||||false|false&#8221; hover_enabled=&#8221;0&#8243; border_radii=&#8221;on|5px|5px|5px|5px&#8221; global_colors_info=&#8221;{}&#8221; sticky_enabled=&#8221;0&#8243;][\/et_pb_image][\/et_pb_column][\/et_pb_row][et_pb_row column_structure=&#8221;1_2,1_2&#8243; _builder_version=&#8221;4.23.4&#8243; _module_preset=&#8221;default&#8221; custom_padding=&#8221;22px|||||&#8221; global_colors_info=&#8221;{}&#8221;][et_pb_column type=&#8221;1_2&#8243; _builder_version=&#8221;4.23.4&#8243; _module_preset=&#8221;default&#8221; global_colors_info=&#8221;{}&#8221;][et_pb_text _builder_version=&#8221;4.23.4&#8243; _module_preset=&#8221;default&#8221; text_text_color=&#8221;#FFFFFF&#8221; custom_padding=&#8221;5px||5px||false|false&#8221; text_font_size_tablet=&#8221;&#8221; text_font_size_phone=&#8221;14px&#8221; text_font_size_last_edited=&#8221;on|phone&#8221; global_colors_info=&#8221;{}&#8221;]<\/p>\n<ul>\n<li>Estados financieros mensuales y anuales<\/li>\n<li>Informes de gesti\u00f3n<\/li>\n<li>Adaptaci\u00f3n de sistemas financieros<\/li>\n<li>Administraci\u00f3n y an\u00e1lisis financiero<\/li>\n<li>Dise\u00f1o y organizaci\u00f3n de procesos contables y medici\u00f3n de su efectividad<\/li>\n<li>Realizar\u00a0el registro\u00a0de todas las operaciones efectuadas por la compa\u00f1\u00eda<\/li>\n<\/ul>\n<p>[\/et_pb_text][\/et_pb_column][et_pb_column type=&#8221;1_2&#8243; _builder_version=&#8221;4.23.4&#8243; _module_preset=&#8221;default&#8221; global_colors_info=&#8221;{}&#8221;][et_pb_text _builder_version=&#8221;4.23.4&#8243; _module_preset=&#8221;default&#8221; text_text_color=&#8221;#FFFFFF&#8221; custom_padding=&#8221;5px||5px||false|false&#8221; text_font_size_tablet=&#8221;&#8221; text_font_size_phone=&#8221;14px&#8221; text_font_size_last_edited=&#8221;on|phone&#8221; global_colors_info=&#8221;{}&#8221;]<\/p>\n<ul>\n<li>Conciliaci\u00f3n de todas las cuentas de los estados financieros<\/li>\n<li>Elaboraci\u00f3n peri\u00f3dica de reportes contables<\/li>\n<li>Elaborar las declaraciones tributarias aplicables en Colombia con destino a la DIAN y a la Tesorer\u00eda Distrital<\/li>\n<li>Elaborar respuestas a requerimientos ordinarios de las autoridades tributarias<\/li>\n<li>Elaborar los reportes de informaci\u00f3n ex\u00f3gena Distrital y Nacional<\/li>\n<\/ul>\n<p>[\/et_pb_text][\/et_pb_column][\/et_pb_row][\/et_pb_section][et_pb_section fb_built=&#8221;1&#8243; _builder_version=&#8221;4.23.4&#8243; _module_preset=&#8221;default&#8221; custom_padding=&#8221;5px||10px||false|false&#8221; global_colors_info=&#8221;{}&#8221;][et_pb_row column_structure=&#8221;1_2,1_2&#8243; _builder_version=&#8221;4.23.4&#8243; _module_preset=&#8221;default&#8221; custom_padding=&#8221;22px|||||&#8221; global_colors_info=&#8221;{}&#8221;][et_pb_column type=&#8221;1_2&#8243; _builder_version=&#8221;4.23.4&#8243; _module_preset=&#8221;default&#8221; global_colors_info=&#8221;{}&#8221;][et_pb_image src=&#8221;https:\/\/navarrobregonconsultores.net\/wp-content\/uploads\/2024\/08\/beautiful-young-woman-in-the-home-office-working-from-home-teleworking-concept-1024&#215;683.jpg&#8221; title_text=&#8221;Woman in the office&#8221; _builder_version=&#8221;4.23.4&#8243; _module_preset=&#8221;default&#8221; custom_padding=&#8221;70px||||false|false&#8221; border_radii=&#8221;on|15px|15px|15px|15px&#8221; global_colors_info=&#8221;{}&#8221;][\/et_pb_image][\/et_pb_column][et_pb_column type=&#8221;1_2&#8243; _builder_version=&#8221;4.23.4&#8243; _module_preset=&#8221;default&#8221; global_colors_info=&#8221;{}&#8221;][et_pb_text _builder_version=&#8221;4.23.4&#8243; _module_preset=&#8221;default&#8221; header_3_text_color=&#8221;#07546E&#8221; header_3_font_size=&#8221;47px&#8221; custom_margin=&#8221;||||false|false&#8221; custom_padding=&#8221;47px||||false|false&#8221; header_3_font_size_tablet=&#8221;47px&#8221; header_3_font_size_phone=&#8221;26px&#8221; header_3_font_size_last_edited=&#8221;on|phone&#8221; global_colors_info=&#8221;{}&#8221;]<\/p>\n<h3>Direcci\u00f3n Contable<\/h3>\n<p>[\/et_pb_text][et_pb_text _builder_version=&#8221;4.23.4&#8243; _module_preset=&#8221;default&#8221; custom_padding=&#8221;||||false|false&#8221; hover_enabled=&#8221;0&#8243; global_colors_info=&#8221;{}&#8221; sticky_enabled=&#8221;0&#8243;]<\/p>\n<p style=\"text-align: justify;\">Con el fin de aportar soluciones y alternativas de mejoramiento para el desarrollo y crecimiento de su empresa, con nuestro servicio de Direcci\u00f3n Contable su empresa podr\u00e1 contar con un director para el departamento de contabilidad estructurado por su empresa.<\/p>\n<p style=\"text-align: justify;\">Esta metodolog\u00eda incluye el dise\u00f1o de las pol\u00edticas contables el desarrollo de los procedimientos, la definici\u00f3n del destino contable de las transacciones, y la certificaci\u00f3n de Estados Financieros. Se lleva a cabo mediante visitas peri\u00f3dicas de profesionales de la firma seg\u00fan calendario previamente convenido con la gerencia.<\/p>\n<p>[\/et_pb_text][\/et_pb_column][\/et_pb_row][\/et_pb_section]<\/p>\n","protected":false},"excerpt":{"rendered":"<p>ContabilidadNuestros servicios Nuestro equipo de profesionales contadores cuenta con la experiencia para prestar un servicio de asesor\u00eda financiera de calidad y confiable.Outsourcing Contable Para PymesEn nuestro servicio desarrollaremos todas las actividades propias del departamento contable, desde el registro contable de los movimientos efectuados por tu Pyme en Bogot\u00e1, hasta la elaboraci\u00f3n de los estados financieros [&hellip;]<\/p>\n","protected":false},"author":1,"featured_media":0,"parent":0,"menu_order":0,"comment_status":"closed","ping_status":"closed","template":"","meta":{"_et_pb_use_builder":"on","_et_pb_old_content":"","_et_gb_content_width":"","footnotes":""},"class_list":["post-908","page","type-page","status-publish","hentry"],"_links":{"self":[{"href":"https:\/\/navarrobregonconsultores.net\/index.php\/wp-json\/wp\/v2\/pages\/908","targetHints":{"allow":["GET"]}}],"collection":[{"href":"https:\/\/navarrobregonconsultores.net\/index.php\/wp-json\/wp\/v2\/pages"}],"about":[{"href":"https:\/\/navarrobregonconsultores.net\/index.php\/wp-json\/wp\/v2\/types\/page"}],"author":[{"embeddable":true,"href":"https:\/\/navarrobregonconsultores.net\/index.php\/wp-json\/wp\/v2\/users\/1"}],"replies":[{"embeddable":true,"href":"https:\/\/navarrobregonconsultores.net\/index.php\/wp-json\/wp\/v2\/comments?post=908"}],"version-history":[{"count":8,"href":"https:\/\/navarrobregonconsultores.net\/index.php\/wp-json\/wp\/v2\/pages\/908\/revisions"}],"predecessor-version":[{"id":925,"href":"https:\/\/navarrobregonconsultores.net\/index.php\/wp-json\/wp\/v2\/pages\/908\/revisions\/925"}],"wp:attachment":[{"href":"https:\/\/navarrobregonconsultores.net\/index.php\/wp-json\/wp\/v2\/media?parent=908"}],"curies":[{"name":"wp","href":"https:\/\/api.w.org\/{rel}","templated":true}]}}