{"id":865,"date":"2024-08-04T17:04:07","date_gmt":"2024-08-04T22:04:07","guid":{"rendered":"https:\/\/navarrobregonconsultores.net\/?page_id=865"},"modified":"2024-08-04T17:40:29","modified_gmt":"2024-08-04T22:40:29","slug":"nuestro-compromiso","status":"publish","type":"page","link":"https:\/\/navarrobregonconsultores.net\/index.php\/nuestro-compromiso\/","title":{"rendered":"Nuestro Compromiso"},"content":{"rendered":"<p>[et_pb_section fb_built=&#8221;1&#8243; disabled_on=&#8221;off|off|off&#8221; _builder_version=&#8221;4.23.4&#8243; _module_preset=&#8221;default&#8221; background_enable_color=&#8221;off&#8221; background_image=&#8221;https:\/\/navarrobregonconsultores.net\/wp-content\/uploads\/2024\/08\/cabecera-modulos-web-compromiso.png&#8221; module_alignment=&#8221;center&#8221; min_height=&#8221;300px&#8221; custom_padding=&#8221;30px||30px||false|false&#8221; locked=&#8221;off&#8221; global_colors_info=&#8221;{}&#8221;][et_pb_row _builder_version=&#8221;4.23.4&#8243; _module_preset=&#8221;default&#8221; positioning=&#8221;absolute&#8221; position_origin_a=&#8221;center_center&#8221; global_colors_info=&#8221;{}&#8221;][et_pb_column type=&#8221;4_4&#8243; _builder_version=&#8221;4.23.4&#8243; _module_preset=&#8221;default&#8221; global_colors_info=&#8221;{}&#8221;][et_pb_text _builder_version=&#8221;4.23.4&#8243; _module_preset=&#8221;default&#8221; header_text_color=&#8221;#07546E&#8221; header_font_size=&#8221;42px&#8221; header_text_shadow_style=&#8221;preset3&#8243; header_text_shadow_blur_strength=&#8221;1.13em&#8221; header_text_shadow_color=&#8221;#FFFFFF&#8221; global_colors_info=&#8221;{}&#8221;]<\/p>\n<h1>Nuestro Compromiso<\/h1>\n<p>[\/et_pb_text][\/et_pb_column][\/et_pb_row][\/et_pb_section][et_pb_section fb_built=&#8221;1&#8243; _builder_version=&#8221;4.23.4&#8243; _module_preset=&#8221;default&#8221; locked=&#8221;off&#8221; global_colors_info=&#8221;{}&#8221;][et_pb_row _builder_version=&#8221;4.23.4&#8243; _module_preset=&#8221;default&#8221; custom_padding=&#8221;22px|||||&#8221; global_colors_info=&#8221;{}&#8221;][et_pb_column type=&#8221;4_4&#8243; _builder_version=&#8221;4.23.4&#8243; _module_preset=&#8221;default&#8221; global_colors_info=&#8221;{}&#8221;][et_pb_text _builder_version=&#8221;4.23.4&#8243; _module_preset=&#8221;default&#8221; global_colors_info=&#8221;{}&#8221;]<\/p>\n<h2>Con Nuestra Firma<\/h2>\n<p>[\/et_pb_text][et_pb_text _builder_version=&#8221;4.23.4&#8243; _module_preset=&#8221;default&#8221; global_colors_info=&#8221;{}&#8221;]<\/p>\n<p>Nos comprometemos a mantener y mejorar continuamente nuestro equipo de trabajo, actualizando nuestros sistemas de informaci\u00f3n con el \ufb01n de brindar un servicio id\u00f3neo y con altos est\u00e1ndares de calidad.<\/p>\n<p>[\/et_pb_text][et_pb_text _builder_version=&#8221;4.23.4&#8243; _module_preset=&#8221;default&#8221; global_colors_info=&#8221;{}&#8221;]<\/p>\n<h2>Con Nuestros Clientes<\/h2>\n<p>[\/et_pb_text][et_pb_text _builder_version=&#8221;4.23.4&#8243; _module_preset=&#8221;default&#8221; global_colors_info=&#8221;{}&#8221;]<\/p>\n<p>Nos comprometemos a brindar informes claros y oportunos, como resultado de una evaluaci\u00f3n del control interno y legal. Nuestro compromiso es orientar para optimizar los recursos administrativos y \ufb01nancieros. Brindaremos soporte en la interpretaci\u00f3n de Estados \ufb01nancieros.<\/p>\n<p>[\/et_pb_text][et_pb_text _builder_version=&#8221;4.23.4&#8243; _module_preset=&#8221;default&#8221; global_colors_info=&#8221;{}&#8221;]<\/p>\n<h2>Nuestro Compromiso<\/h2>\n<p>[\/et_pb_text][et_pb_text _builder_version=&#8221;4.23.4&#8243; _module_preset=&#8221;default&#8221; global_colors_info=&#8221;{}&#8221;]<\/p>\n<p>Brindar asesor\u00eda en la soluci\u00f3n de problemas e inquietudes cuando as\u00ed lo requieran. Oportunidad en las declaraciones tributarias y Estados Financieros. Nuestro compromiso es ofrecer informaci\u00f3n peri\u00f3dica y con\ufb01able como base para la toma de decisiones. Aseguramos el cumplimiento total de las disposiciones legales y estatutarias.<\/p>\n<p>[\/et_pb_text][\/et_pb_column][\/et_pb_row][\/et_pb_section][et_pb_section fb_built=&#8221;1&#8243; disabled_on=&#8221;off|off|off&#8221; _builder_version=&#8221;4.23.4&#8243; _module_preset=&#8221;default&#8221; background_color=&#8221;#051b30&#8243; background_enable_image=&#8221;off&#8221; custom_padding=&#8221;15px||50px||false|false&#8221; bottom_divider_color=&#8221;#051b30&#8243; bottom_divider_height=&#8221;72px&#8221; bottom_divider_repeat=&#8221;1x&#8221; bottom_divider_style_tablet=&#8221;curve2&#8243; bottom_divider_style_phone=&#8221;none&#8221; bottom_divider_style_last_edited=&#8221;on|phone&#8221; bottom_divider_height_tablet=&#8221;72px&#8221; bottom_divider_height_phone=&#8221;35px&#8221; bottom_divider_height_last_edited=&#8221;on|phone&#8221; locked=&#8221;off&#8221; global_colors_info=&#8221;{}&#8221;][et_pb_row _builder_version=&#8221;4.23.4&#8243; _module_preset=&#8221;default&#8221; custom_padding=&#8221;22px|||||&#8221; locked=&#8221;off&#8221; global_colors_info=&#8221;{}&#8221;][et_pb_column type=&#8221;4_4&#8243; _builder_version=&#8221;4.23.4&#8243; _module_preset=&#8221;default&#8221; global_colors_info=&#8221;{}&#8221;][et_pb_text _builder_version=&#8221;4.23.4&#8243; _module_preset=&#8221;default&#8221; header_3_text_color=&#8221;#00a6d1&#8243; header_3_font_size=&#8221;47px&#8221; custom_margin=&#8221;||||false|false&#8221; custom_padding=&#8221;5px||5px||false|false&#8221; header_3_font_size_tablet=&#8221;47px&#8221; header_3_font_size_phone=&#8221;26px&#8221; header_3_font_size_last_edited=&#8221;on|phone&#8221; global_colors_info=&#8221;{}&#8221;]<\/p>\n<h3>Nuestros Pilares<\/h3>\n<p>[\/et_pb_text][\/et_pb_column][\/et_pb_row][et_pb_row column_structure=&#8221;1_3,1_3,1_3&#8243; _builder_version=&#8221;4.23.4&#8243; _module_preset=&#8221;default&#8221; custom_padding=&#8221;22px|||||&#8221; locked=&#8221;off&#8221; global_colors_info=&#8221;{}&#8221;][et_pb_column type=&#8221;1_3&#8243; _builder_version=&#8221;4.23.4&#8243; _module_preset=&#8221;default&#8221; global_colors_info=&#8221;{}&#8221;][et_pb_text _builder_version=&#8221;4.23.4&#8243; _module_preset=&#8221;default&#8221; text_text_color=&#8221;#FFFFFF&#8221; header_text_color=&#8221;#FFFFFF&#8221; header_2_text_color=&#8221;#FFFFFF&#8221; background_color=&#8221;rgba(3,163,160,0.5)&#8221; module_alignment=&#8221;center&#8221; height=&#8221;280px&#8221; custom_padding=&#8221;20px|20px|20px|20px|false|false&#8221; hover_enabled=&#8221;0&#8243; text_font_size_tablet=&#8221;&#8221; text_font_size_phone=&#8221;14px&#8221; text_font_size_last_edited=&#8221;on|phone&#8221; header_font_size_tablet=&#8221;&#8221; header_font_size_phone=&#8221;21px&#8221; header_font_size_last_edited=&#8221;on|phone&#8221; header_2_font_size_tablet=&#8221;&#8221; header_2_font_size_phone=&#8221;19px&#8221; header_2_font_size_last_edited=&#8221;on|phone&#8221; border_radii=&#8221;on|5px|5px|5px|5px&#8221; global_colors_info=&#8221;{}&#8221; text_line_height=&#8221;1.3em&#8221; sticky_enabled=&#8221;0&#8243;]<\/p>\n<h1 style=\"text-align: justify;\">Contabilidad<\/h1>\n<p style=\"text-align: justify;\">La informaci\u00f3n contable juega un papel importante en la toma de decisiones de lasempresas, es por ello que Navarro Obregon Consultores, ofrece a sus clientes la posibilidad de tener su informaci\u00f3n contable de manera oportuna y veraz que facilite la toma de decisiones.<\/p>\n<p style=\"text-align: justify;\">[\/et_pb_text][\/et_pb_column][et_pb_column type=&#8221;1_3&#8243; _builder_version=&#8221;4.23.4&#8243; _module_preset=&#8221;default&#8221; global_colors_info=&#8221;{}&#8221;][et_pb_text _builder_version=&#8221;4.23.4&#8243; _module_preset=&#8221;default&#8221; text_text_color=&#8221;#FFFFFF&#8221; header_text_color=&#8221;#FFFFFF&#8221; header_2_text_color=&#8221;#FFFFFF&#8221; background_color=&#8221;rgba(47,150,176,0.5)&#8221; height=&#8221;280px&#8221; custom_padding=&#8221;20px|20px|20px|20px|false|false&#8221; text_font_tablet=&#8221;&#8221; text_font_phone=&#8221;&#8221; text_font_last_edited=&#8221;on|phone&#8221; text_font_size_tablet=&#8221;&#8221; text_font_size_phone=&#8221;14px&#8221; text_font_size_last_edited=&#8221;on|phone&#8221; header_font_size_tablet=&#8221;&#8221; header_font_size_phone=&#8221;21px&#8221; header_font_size_last_edited=&#8221;on|phone&#8221; header_2_font_size_tablet=&#8221;&#8221; header_2_font_size_phone=&#8221;19px&#8221; header_2_font_size_last_edited=&#8221;on|phone&#8221; border_radii=&#8221;on|5px|5px|5px|5px&#8221; global_colors_info=&#8221;{}&#8221;]<\/p>\n<h1 style=\"text-align: justify;\">Finanzas<\/h1>\n<p style=\"text-align: justify;\">Alternamos estrategia y plani\ufb01caci\u00f3n, con ello transformamos su negocio, mejoramos su rentabilidad teniendo claro sus objetivos y el crecimiento sostenible.<\/p>\n<p>[\/et_pb_text][\/et_pb_column][et_pb_column type=&#8221;1_3&#8243; _builder_version=&#8221;4.23.4&#8243; _module_preset=&#8221;default&#8221; global_colors_info=&#8221;{}&#8221;][et_pb_text _builder_version=&#8221;4.23.4&#8243; _module_preset=&#8221;default&#8221; text_text_color=&#8221;#FFFFFF&#8221; header_text_color=&#8221;#FFFFFF&#8221; header_2_text_color=&#8221;#FFFFFF&#8221; background_color=&#8221;rgba(7,84,110,0.5)&#8221; height=&#8221;280px&#8221; custom_padding=&#8221;20px|20px|20px|20px|false|false&#8221; hover_enabled=&#8221;0&#8243; text_font_tablet=&#8221;&#8221; text_font_phone=&#8221;&#8221; text_font_last_edited=&#8221;on|phone&#8221; text_font_size_tablet=&#8221;&#8221; text_font_size_phone=&#8221;14px&#8221; text_font_size_last_edited=&#8221;on|phone&#8221; header_font_size_tablet=&#8221;&#8221; header_font_size_phone=&#8221;21px&#8221; header_font_size_last_edited=&#8221;on|phone&#8221; header_2_font_size_tablet=&#8221;&#8221; header_2_font_size_phone=&#8221;19px&#8221; header_2_font_size_last_edited=&#8221;on|phone&#8221; border_radii=&#8221;on|5px|5px|5px|5px&#8221; global_colors_info=&#8221;{}&#8221; text_line_height=&#8221;1.3em&#8221; sticky_enabled=&#8221;0&#8243;]<\/p>\n<h1 style=\"text-align: justify;\">Auditor\u00eda<\/h1>\n<p style=\"text-align: justify;\">Nuestro enfoque comprende un an\u00e1lisis de los riesgos del negocio y de las\u00a0\u00a0 necesidades espec\u00ed\ufb01cas de nuestros clientes, brindando servicios de auditor\u00eda de calidad, con el objetivo de brindar sugerencias y recomendaciones en los procesos y actividades de las empresas.<\/p>\n<p>[\/et_pb_text][\/et_pb_column][\/et_pb_row][\/et_pb_section]<\/p>\n","protected":false},"excerpt":{"rendered":"<p>Nuestro CompromisoCon Nuestra FirmaNos comprometemos a mantener y mejorar continuamente nuestro equipo de trabajo, actualizando nuestros sistemas de informaci\u00f3n con el \ufb01n de brindar un servicio id\u00f3neo y con altos est\u00e1ndares de calidad.Con Nuestros ClientesNos comprometemos a brindar informes claros y oportunos, como resultado de una evaluaci\u00f3n del control interno y legal. Nuestro compromiso es [&hellip;]<\/p>\n","protected":false},"author":1,"featured_media":0,"parent":0,"menu_order":0,"comment_status":"closed","ping_status":"closed","template":"","meta":{"_et_pb_use_builder":"on","_et_pb_old_content":"","_et_gb_content_width":"","footnotes":""},"class_list":["post-865","page","type-page","status-publish","hentry"],"_links":{"self":[{"href":"https:\/\/navarrobregonconsultores.net\/index.php\/wp-json\/wp\/v2\/pages\/865","targetHints":{"allow":["GET"]}}],"collection":[{"href":"https:\/\/navarrobregonconsultores.net\/index.php\/wp-json\/wp\/v2\/pages"}],"about":[{"href":"https:\/\/navarrobregonconsultores.net\/index.php\/wp-json\/wp\/v2\/types\/page"}],"author":[{"embeddable":true,"href":"https:\/\/navarrobregonconsultores.net\/index.php\/wp-json\/wp\/v2\/users\/1"}],"replies":[{"embeddable":true,"href":"https:\/\/navarrobregonconsultores.net\/index.php\/wp-json\/wp\/v2\/comments?post=865"}],"version-history":[{"count":7,"href":"https:\/\/navarrobregonconsultores.net\/index.php\/wp-json\/wp\/v2\/pages\/865\/revisions"}],"predecessor-version":[{"id":877,"href":"https:\/\/navarrobregonconsultores.net\/index.php\/wp-json\/wp\/v2\/pages\/865\/revisions\/877"}],"wp:attachment":[{"href":"https:\/\/navarrobregonconsultores.net\/index.php\/wp-json\/wp\/v2\/media?parent=865"}],"curies":[{"name":"wp","href":"https:\/\/api.w.org\/{rel}","templated":true}]}}