{"id":747,"date":"2024-08-02T13:12:09","date_gmt":"2024-08-02T18:12:09","guid":{"rendered":"https:\/\/navarrobregonconsultores.net\/?page_id=747"},"modified":"2024-08-04T16:45:10","modified_gmt":"2024-08-04T21:45:10","slug":"somos-noc","status":"publish","type":"page","link":"https:\/\/navarrobregonconsultores.net\/index.php\/somos-noc\/","title":{"rendered":"Somos NOC"},"content":{"rendered":"<p>[et_pb_section fb_built=&#8221;1&#8243; disabled_on=&#8221;off|off|off&#8221; _builder_version=&#8221;4.23.4&#8243; _module_preset=&#8221;default&#8221; background_enable_color=&#8221;off&#8221; custom_padding=&#8221;30px||30px||false|false&#8221; hover_enabled=&#8221;0&#8243; locked=&#8221;off&#8221; global_colors_info=&#8221;{}&#8221; title_text=&#8221;cabecera-modulos-web-quienes-somos&#8221; background_image=&#8221;https:\/\/navarrobregonconsultores.net\/wp-content\/uploads\/2024\/08\/cabecera-modulos-web-quienes-somos-1.png&#8221; module_alignment=&#8221;center&#8221; min_height=&#8221;300px&#8221; sticky_enabled=&#8221;0&#8243;][et_pb_row _builder_version=&#8221;4.23.4&#8243; _module_preset=&#8221;default&#8221; hover_enabled=&#8221;0&#8243; global_colors_info=&#8221;{}&#8221; positioning=&#8221;absolute&#8221; position_origin_a=&#8221;center_center&#8221; sticky_enabled=&#8221;0&#8243;][et_pb_column type=&#8221;4_4&#8243; _builder_version=&#8221;4.23.4&#8243; _module_preset=&#8221;default&#8221; global_colors_info=&#8221;{}&#8221;][et_pb_text _builder_version=&#8221;4.23.4&#8243; _module_preset=&#8221;default&#8221; hover_enabled=&#8221;0&#8243; global_colors_info=&#8221;{}&#8221; header_text_color=&#8221;#07546E&#8221; header_font_size=&#8221;42px&#8221; header_text_shadow_style=&#8221;preset3&#8243; header_text_shadow_blur_strength=&#8221;1.13em&#8221; header_text_shadow_color=&#8221;#FFFFFF&#8221; sticky_enabled=&#8221;0&#8243;]<\/p>\n<h1>\u00bfQui\u00e9nes somos?<\/h1>\n<p>[\/et_pb_text][\/et_pb_column][\/et_pb_row][\/et_pb_section][et_pb_section fb_built=&#8221;1&#8243; _builder_version=&#8221;4.23.4&#8243; _module_preset=&#8221;default&#8221; global_colors_info=&#8221;{}&#8221;][et_pb_row column_structure=&#8221;1_2,1_2&#8243; _builder_version=&#8221;4.23.4&#8243; _module_preset=&#8221;default&#8221; custom_padding=&#8221;22px|||||&#8221; global_colors_info=&#8221;{}&#8221;][et_pb_column type=&#8221;1_2&#8243; _builder_version=&#8221;4.23.4&#8243; _module_preset=&#8221;default&#8221; global_colors_info=&#8221;{}&#8221;][et_pb_image src=&#8221;https:\/\/navarrobregonconsultores.net\/wp-content\/uploads\/2024\/05\/logo3.png&#8221; title_text=&#8221;logo3&#8243; _builder_version=&#8221;4.23.4&#8243; _module_preset=&#8221;default&#8221; width=&#8221;60%&#8221; module_alignment=&#8221;center&#8221; global_colors_info=&#8221;{}&#8221;][\/et_pb_image][\/et_pb_column][et_pb_column type=&#8221;1_2&#8243; _builder_version=&#8221;4.23.4&#8243; _module_preset=&#8221;default&#8221; global_colors_info=&#8221;{}&#8221;][et_pb_text _builder_version=&#8221;4.23.4&#8243; _module_preset=&#8221;default&#8221; global_colors_info=&#8221;{}&#8221; header_3_text_color=&#8221;#07546E&#8221; custom_margin=&#8221;||||false|false&#8221; custom_padding=&#8221;||||false|false&#8221; header_3_font_size=&#8221;47px&#8221; header_3_font_size_phone=&#8221;26px&#8221; header_3_font_size_last_edited=&#8221;on|phone&#8221; hover_enabled=&#8221;0&#8243; sticky_enabled=&#8221;0&#8243; header_3_font_size_tablet=&#8221;47px&#8221;]<\/p>\n<h3>Somos NOC<\/h3>\n<p>[\/et_pb_text][et_pb_text _builder_version=&#8221;4.23.4&#8243; _module_preset=&#8221;default&#8221; global_colors_info=&#8221;{}&#8221;]<\/p>\n<p style=\"text-align: justify;\">Navarro Obreg\u00f3n Consultores, es una organizaci\u00f3n moderna, \ufb02exible y adaptable a los cambios, que garantiza un servicio de alta calidad, cumplimiento y oportunidad.<\/p>\n<p>[\/et_pb_text][\/et_pb_column][\/et_pb_row][\/et_pb_section][et_pb_section fb_built=&#8221;1&#8243; _builder_version=&#8221;4.23.4&#8243; _module_preset=&#8221;default&#8221; global_colors_info=&#8221;{}&#8221; disabled_on=&#8221;off|off|off&#8221; background_color=&#8221;#051b30&#8243; background_enable_image=&#8221;off&#8221; custom_margin=&#8221;0px|0px|0px|0px|true|true&#8221; custom_padding=&#8221;10px||30px||false|false&#8221; bottom_divider_style=&#8221;curve2&#8243; bottom_divider_color=&#8221;#07546e&#8221; bottom_divider_height=&#8221;45px&#8221; box_shadow_style=&#8221;preset3&#8243; hover_enabled=&#8221;0&#8243; sticky_enabled=&#8221;0&#8243;][et_pb_row column_structure=&#8221;1_2,1_2&#8243; _builder_version=&#8221;4.23.4&#8243; _module_preset=&#8221;default&#8221; custom_padding=&#8221;22px|||||&#8221; global_colors_info=&#8221;{}&#8221;][et_pb_column type=&#8221;1_2&#8243; _builder_version=&#8221;4.23.4&#8243; _module_preset=&#8221;default&#8221; global_colors_info=&#8221;{}&#8221;][et_pb_text _builder_version=&#8221;4.23.4&#8243; _module_preset=&#8221;default&#8221; hover_enabled=&#8221;0&#8243; global_colors_info=&#8221;{}&#8221; header_3_text_color=&#8221;#00a6d1&#8243; sticky_enabled=&#8221;0&#8243; custom_margin=&#8221;||||false|false&#8221; custom_padding=&#8221;5px||5px||false|false&#8221; header_3_font_size=&#8221;47px&#8221; header_3_font_size_last_edited=&#8221;on|phone&#8221; header_3_font_size_phone=&#8221;26px&#8221; header_3_font_size_tablet=&#8221;47px&#8221;]<\/p>\n<h3>\u00bfQu\u00e9 hacemos?<\/h3>\n<p>[\/et_pb_text][et_pb_text _builder_version=&#8221;4.23.4&#8243; _module_preset=&#8221;default&#8221; hover_enabled=&#8221;0&#8243; global_colors_info=&#8221;{}&#8221; text_text_color=&#8221;#FFFFFF&#8221; sticky_enabled=&#8221;0&#8243; custom_padding=&#8221;5px||5px||false|false&#8221; text_font_size_last_edited=&#8221;on|phone&#8221; text_font_size_phone=&#8221;14px&#8221;]<\/p>\n<p style=\"text-align: justify;\">En NOC contamos con un equipo profesional con una reputaci\u00f3n s\u00f3lida. La honestidad en la toma de decisiones es un principio fundamental para brindar un asesoramiento de alta calidad.<\/p>\n<p style=\"text-align: justify;\">Nuestro Despacho opera de manera transparente, y brinda todas las ventajas competitivas.<\/p>\n<p>[\/et_pb_text][\/et_pb_column][et_pb_column type=&#8221;1_2&#8243; _builder_version=&#8221;4.23.4&#8243; _module_preset=&#8221;default&#8221; global_colors_info=&#8221;{}&#8221;][et_pb_image src=&#8221;https:\/\/navarrobregonconsultores.net\/wp-content\/uploads\/2024\/08\/business-man-show-increase-market-share-investment-scaled.jpg&#8221; title_text=&#8221;business man show increase market share investment&#8221; _builder_version=&#8221;4.23.4&#8243; _module_preset=&#8221;default&#8221; hover_enabled=&#8221;0&#8243; global_colors_info=&#8221;{}&#8221; sticky_enabled=&#8221;0&#8243; border_radii=&#8221;on|5px|5px|5px|5px&#8221;][\/et_pb_image][\/et_pb_column][\/et_pb_row][\/et_pb_section]<\/p>\n","protected":false},"excerpt":{"rendered":"<p>\u00bfQui\u00e9nes somos?Somos NOCNavarro Obreg\u00f3n Consultores, es una organizaci\u00f3n moderna, \ufb02exible y adaptable a los cambios, que garantiza un servicio de alta calidad, cumplimiento y oportunidad.\u00bfQu\u00e9 hacemos?En NOC contamos con un equipo profesional con una reputaci\u00f3n s\u00f3lida. La honestidad en la toma de decisiones es un principio fundamental para brindar un asesoramiento de alta calidad. Nuestro [&hellip;]<\/p>\n","protected":false},"author":1,"featured_media":0,"parent":0,"menu_order":0,"comment_status":"closed","ping_status":"closed","template":"","meta":{"_et_pb_use_builder":"on","_et_pb_old_content":"","_et_gb_content_width":"","footnotes":""},"class_list":["post-747","page","type-page","status-publish","hentry"],"_links":{"self":[{"href":"https:\/\/navarrobregonconsultores.net\/index.php\/wp-json\/wp\/v2\/pages\/747","targetHints":{"allow":["GET"]}}],"collection":[{"href":"https:\/\/navarrobregonconsultores.net\/index.php\/wp-json\/wp\/v2\/pages"}],"about":[{"href":"https:\/\/navarrobregonconsultores.net\/index.php\/wp-json\/wp\/v2\/types\/page"}],"author":[{"embeddable":true,"href":"https:\/\/navarrobregonconsultores.net\/index.php\/wp-json\/wp\/v2\/users\/1"}],"replies":[{"embeddable":true,"href":"https:\/\/navarrobregonconsultores.net\/index.php\/wp-json\/wp\/v2\/comments?post=747"}],"version-history":[{"count":8,"href":"https:\/\/navarrobregonconsultores.net\/index.php\/wp-json\/wp\/v2\/pages\/747\/revisions"}],"predecessor-version":[{"id":858,"href":"https:\/\/navarrobregonconsultores.net\/index.php\/wp-json\/wp\/v2\/pages\/747\/revisions\/858"}],"wp:attachment":[{"href":"https:\/\/navarrobregonconsultores.net\/index.php\/wp-json\/wp\/v2\/media?parent=747"}],"curies":[{"name":"wp","href":"https:\/\/api.w.org\/{rel}","templated":true}]}}